{"id":90906164,"date":"2016-05-25T12:15:18","date_gmt":"2016-05-25T15:15:18","guid":{"rendered":"http:\/\/acrimat.com.br\/portal\/?page_id=90906164"},"modified":"2021-08-09T10:57:02","modified_gmt":"2021-08-09T14:57:02","slug":"projeto-workshop-da-pecuaria","status":"publish","type":"page","link":"https:\/\/acrimat.org.br\/portal\/projeto-workshop-da-pecuaria\/","title":{"rendered":"Workshop da Pecu\u00e1ria"},"content":{"rendered":"\t\t<div data-elementor-type=\"wp-page\" data-elementor-id=\"90906164\" class=\"elementor elementor-90906164\" data-elementor-post-type=\"page\">\n\t\t\t\t\t\t<section class=\"elementor-section elementor-top-section elementor-element elementor-element-519cfa58 elementor-section-boxed elementor-section-height-default elementor-section-height-default\" data-id=\"519cfa58\" data-element_type=\"section\" data-settings=\"{&quot;background_background&quot;:&quot;gradient&quot;}\">\n\t\t\t\t\t\t<div class=\"elementor-container elementor-column-gap-default\">\n\t\t\t\t\t<div class=\"elementor-column elementor-col-100 elementor-top-column elementor-element elementor-element-cac7f55\" data-id=\"cac7f55\" data-element_type=\"column\" data-settings=\"{&quot;background_background&quot;:&quot;classic&quot;}\">\n\t\t\t<div class=\"elementor-widget-wrap elementor-element-populated\">\n\t\t\t\t\t<div class=\"elementor-background-overlay\"><\/div>\n\t\t\t\t\t\t<div class=\"elementor-element elementor-element-68d92ea8 elementor-widget elementor-widget-heading\" data-id=\"68d92ea8\" data-element_type=\"widget\" data-widget_type=\"heading.default\">\n\t\t\t\t<div class=\"elementor-widget-container\">\n\t\t\t\t\t<h1 class=\"elementor-heading-title elementor-size-default\">Workshop da pecu\u00e1ria<\/h1>\t\t\t\t<\/div>\n\t\t\t\t<\/div>\n\t\t\t\t\t<\/div>\n\t\t<\/div>\n\t\t\t\t\t<\/div>\n\t\t<\/section>\n\t\t\t\t<section class=\"elementor-section elementor-top-section elementor-element elementor-element-5a89a91e elementor-section-boxed elementor-section-height-default elementor-section-height-default\" data-id=\"5a89a91e\" data-element_type=\"section\">\n\t\t\t\t\t\t<div class=\"elementor-container elementor-column-gap-no\">\n\t\t\t\t\t<div class=\"elementor-column elementor-col-100 elementor-top-column elementor-element elementor-element-2a607575\" data-id=\"2a607575\" data-element_type=\"column\" data-settings=\"{&quot;background_background&quot;:&quot;classic&quot;}\">\n\t\t\t<div class=\"elementor-widget-wrap elementor-element-populated\">\n\t\t\t\t\t\t<div class=\"elementor-element elementor-element-4ff03f8 elementor-widget elementor-widget-heading\" data-id=\"4ff03f8\" data-element_type=\"widget\" data-widget_type=\"heading.default\">\n\t\t\t\t<div class=\"elementor-widget-container\">\n\t\t\t\t\t<h2 class=\"elementor-heading-title elementor-size-default\">Sobre<\/h2>\t\t\t\t<\/div>\n\t\t\t\t<\/div>\n\t\t\t\t\t<\/div>\n\t\t<\/div>\n\t\t\t\t\t<\/div>\n\t\t<\/section>\n\t\t\t\t<section class=\"elementor-section elementor-top-section elementor-element elementor-element-74c63ded elementor-section-boxed elementor-section-height-default elementor-section-height-default\" data-id=\"74c63ded\" data-element_type=\"section\">\n\t\t\t\t\t\t<div class=\"elementor-container elementor-column-gap-no\">\n\t\t\t\t\t<div class=\"elementor-column elementor-col-50 elementor-top-column elementor-element elementor-element-41b80542\" data-id=\"41b80542\" data-element_type=\"column\">\n\t\t\t<div class=\"elementor-widget-wrap elementor-element-populated\">\n\t\t\t\t\t\t<div class=\"elementor-element elementor-element-3500f40 elementor-widget elementor-widget-image\" data-id=\"3500f40\" data-element_type=\"widget\" data-widget_type=\"image.default\">\n\t\t\t\t<div class=\"elementor-widget-container\">\n\t\t\t\t\t\t\t\t\t\t\t\t\t\t\t<img fetchpriority=\"high\" decoding=\"async\" width=\"385\" height=\"421\" src=\"https:\/\/acrimat.org.br\/portal\/wp-content\/uploads\/2021\/08\/logo-workshop.png\" class=\"attachment-large size-large wp-image-97997154\" alt=\"\" srcset=\"https:\/\/acrimat.org.br\/portal\/wp-content\/uploads\/2021\/08\/logo-workshop.png 385w, https:\/\/acrimat.org.br\/portal\/wp-content\/uploads\/2021\/08\/logo-workshop-274x300.png 274w\" sizes=\"(max-width: 385px) 100vw, 385px\" \/>\t\t\t\t\t\t\t\t\t\t\t\t\t\t\t<\/div>\n\t\t\t\t<\/div>\n\t\t\t\t\t<\/div>\n\t\t<\/div>\n\t\t\t\t<div class=\"elementor-column elementor-col-50 elementor-top-column elementor-element elementor-element-49a24be0\" data-id=\"49a24be0\" data-element_type=\"column\">\n\t\t\t<div class=\"elementor-widget-wrap elementor-element-populated\">\n\t\t\t\t\t\t<div class=\"elementor-element elementor-element-2a2da549 elementor-widget elementor-widget-text-editor\" data-id=\"2a2da549\" data-element_type=\"widget\" data-widget_type=\"text-editor.default\">\n\t\t\t\t<div class=\"elementor-widget-container\">\n\t\t\t\t\t\t\t\t\t<p>O projeto visou identificar os principais gargalos para o desenvolvimento da atividade da pecu\u00e1ria de corte no Estado de Mato Grosso, considerando as especificidades da legisla\u00e7\u00e3o ambiental, mercado interno e externo, fen\u00f4menos ex\u00f3genos como concentra\u00e7\u00e3o do varejo e da ind\u00fastria frigor\u00edfica, barreiras sanit\u00e1rias e econ\u00f4micas e a sustentabilidade vista sobre os aspectos s\u00f3cio, econ\u00f4mico e ambiental.<\/p><p>Os resultados orientam a elabora\u00e7\u00e3o de propostas pelos representantes do setor aos diversos n\u00edveis de governo e d\u00e1 sustenta\u00e7\u00e3o t\u00e9cnica no encaminhamento das negocia\u00e7\u00f5es e a\u00e7\u00f5es em andamento com as demais partes interessadas da cadeia produtiva da carne bovina em Mato Grosso e no Brasil.<\/p>\t\t\t\t\t\t\t\t<\/div>\n\t\t\t\t<\/div>\n\t\t\t\t\t<\/div>\n\t\t<\/div>\n\t\t\t\t\t<\/div>\n\t\t<\/section>\n\t\t\t\t<section class=\"elementor-section elementor-top-section elementor-element elementor-element-55d3c510 elementor-section-content-middle elementor-reverse-mobile elementor-section-boxed elementor-section-height-default elementor-section-height-default\" data-id=\"55d3c510\" data-element_type=\"section\" data-settings=\"{&quot;background_background&quot;:&quot;classic&quot;}\">\n\t\t\t\t\t\t<div class=\"elementor-container elementor-column-gap-no\">\n\t\t\t\t\t<div class=\"elementor-column elementor-col-100 elementor-top-column elementor-element elementor-element-d593c1c\" data-id=\"d593c1c\" data-element_type=\"column\">\n\t\t\t<div class=\"elementor-widget-wrap elementor-element-populated\">\n\t\t\t\t\t\t<section class=\"elementor-section elementor-inner-section elementor-element elementor-element-2dffad3 elementor-section-boxed elementor-section-height-default elementor-section-height-default\" data-id=\"2dffad3\" data-element_type=\"section\">\n\t\t\t\t\t\t<div class=\"elementor-container elementor-column-gap-default\">\n\t\t\t\t\t<div class=\"elementor-column elementor-col-50 elementor-inner-column elementor-element elementor-element-490f5b6\" data-id=\"490f5b6\" data-element_type=\"column\">\n\t\t\t<div class=\"elementor-widget-wrap elementor-element-populated\">\n\t\t\t\t\t\t<div class=\"elementor-element elementor-element-073ad02 elementor-widget elementor-widget-heading\" data-id=\"073ad02\" data-element_type=\"widget\" data-widget_type=\"heading.default\">\n\t\t\t\t<div class=\"elementor-widget-container\">\n\t\t\t\t\t<h2 class=\"elementor-heading-title elementor-size-default\">OBJETIVO<\/h2>\t\t\t\t<\/div>\n\t\t\t\t<\/div>\n\t\t\t\t<div class=\"elementor-element elementor-element-36b8763 elementor-widget elementor-widget-text-editor\" data-id=\"36b8763\" data-element_type=\"widget\" data-widget_type=\"text-editor.default\">\n\t\t\t\t<div class=\"elementor-widget-container\">\n\t\t\t\t\t\t\t\t\t<p style=\"text-align: center;\">Oferecer um di\u00e1logo entre setores sociais que lidam diretamente ou indiretamente com a pecu\u00e1ria de corte<\/p>\t\t\t\t\t\t\t\t<\/div>\n\t\t\t\t<\/div>\n\t\t\t\t\t<\/div>\n\t\t<\/div>\n\t\t\t\t<div class=\"elementor-column elementor-col-50 elementor-inner-column elementor-element elementor-element-df5ea17\" data-id=\"df5ea17\" data-element_type=\"column\">\n\t\t\t<div class=\"elementor-widget-wrap elementor-element-populated\">\n\t\t\t\t\t\t<div class=\"elementor-element elementor-element-4816acb elementor-widget elementor-widget-heading\" data-id=\"4816acb\" data-element_type=\"widget\" data-widget_type=\"heading.default\">\n\t\t\t\t<div class=\"elementor-widget-container\">\n\t\t\t\t\t<h2 class=\"elementor-heading-title elementor-size-default\">P\u00daBLICO ALVO\u200b<\/h2>\t\t\t\t<\/div>\n\t\t\t\t<\/div>\n\t\t\t\t<div class=\"elementor-element elementor-element-cf93d73 elementor-widget elementor-widget-text-editor\" data-id=\"cf93d73\" data-element_type=\"widget\" data-widget_type=\"text-editor.default\">\n\t\t\t\t<div class=\"elementor-widget-container\">\n\t\t\t\t\t\t\t\t\t<p style=\"text-align: center;\">Pecuaristas, acad\u00eamicos e professores.<\/p>\t\t\t\t\t\t\t\t<\/div>\n\t\t\t\t<\/div>\n\t\t\t\t\t<\/div>\n\t\t<\/div>\n\t\t\t\t\t<\/div>\n\t\t<\/section>\n\t\t\t\t\t<\/div>\n\t\t<\/div>\n\t\t\t\t\t<\/div>\n\t\t<\/section>\n\t\t\t\t<section class=\"elementor-section elementor-top-section elementor-element elementor-element-7cb49d6 elementor-section-boxed elementor-section-height-default elementor-section-height-default\" data-id=\"7cb49d6\" data-element_type=\"section\">\n\t\t\t\t\t\t<div class=\"elementor-container elementor-column-gap-default\">\n\t\t\t\t\t<div class=\"elementor-column elementor-col-50 elementor-top-column elementor-element elementor-element-570b95e\" data-id=\"570b95e\" data-element_type=\"column\">\n\t\t\t<div class=\"elementor-widget-wrap elementor-element-populated\">\n\t\t\t\t\t\t<div class=\"elementor-element elementor-element-2f91f32 elementor-widget elementor-widget-image\" data-id=\"2f91f32\" data-element_type=\"widget\" data-widget_type=\"image.default\">\n\t\t\t\t<div class=\"elementor-widget-container\">\n\t\t\t\t\t\t\t\t\t\t\t\t\t\t\t<img decoding=\"async\" width=\"960\" height=\"640\" src=\"https:\/\/acrimat.org.br\/portal\/wp-content\/uploads\/2021\/08\/img_capalivros-1024x683.jpg\" class=\"attachment-large size-large wp-image-97997158\" alt=\"\" srcset=\"https:\/\/acrimat.org.br\/portal\/wp-content\/uploads\/2021\/08\/img_capalivros-1024x683.jpg 1024w, https:\/\/acrimat.org.br\/portal\/wp-content\/uploads\/2021\/08\/img_capalivros-300x200.jpg 300w, https:\/\/acrimat.org.br\/portal\/wp-content\/uploads\/2021\/08\/img_capalivros-768x512.jpg 768w, https:\/\/acrimat.org.br\/portal\/wp-content\/uploads\/2021\/08\/img_capalivros.jpg 1296w\" sizes=\"(max-width: 960px) 100vw, 960px\" \/>\t\t\t\t\t\t\t\t\t\t\t\t\t\t\t<\/div>\n\t\t\t\t<\/div>\n\t\t\t\t\t<\/div>\n\t\t<\/div>\n\t\t\t\t<div class=\"elementor-column elementor-col-50 elementor-top-column elementor-element elementor-element-ea4f078\" data-id=\"ea4f078\" data-element_type=\"column\">\n\t\t\t<div class=\"elementor-widget-wrap elementor-element-populated\">\n\t\t\t\t\t\t<div class=\"elementor-element elementor-element-1b3502a3 elementor-widget elementor-widget-text-editor\" data-id=\"1b3502a3\" data-element_type=\"widget\" data-widget_type=\"text-editor.default\">\n\t\t\t\t<div class=\"elementor-widget-container\">\n\t\t\t\t\t\t\t\t\t<p>Este programa foi conclu\u00eddo com o lan\u00e7ado do livro intitulado \u201cProdu\u00e7\u00e3o e Manejo de Bovinos de Corte\u201d, Editora KCM, organizado por Amado de Oliveira Filho em conjunto com professores da UFMT, UNEMAT e IFMT.<\/p>\t\t\t\t\t\t\t\t<\/div>\n\t\t\t\t<\/div>\n\t\t\t\t<div class=\"elementor-element elementor-element-4231ec7 elementor-align-center elementor-widget elementor-widget-button\" data-id=\"4231ec7\" data-element_type=\"widget\" data-widget_type=\"button.default\">\n\t\t\t\t<div class=\"elementor-widget-container\">\n\t\t\t\t\t\t\t\t\t<div class=\"elementor-button-wrapper\">\n\t\t\t\t\t<a class=\"elementor-button elementor-button-link elementor-size-sm\" href=\"#\">\n\t\t\t\t\t\t<span class=\"elementor-button-content-wrapper\">\n\t\t\t\t\t\t\t\t\t<span class=\"elementor-button-text\">P\u00e1gina do livro<\/span>\n\t\t\t\t\t<\/span>\n\t\t\t\t\t<\/a>\n\t\t\t\t<\/div>\n\t\t\t\t\t\t\t\t<\/div>\n\t\t\t\t<\/div>\n\t\t\t\t\t<\/div>\n\t\t<\/div>\n\t\t\t\t\t<\/div>\n\t\t<\/section>\n\t\t\t\t<\/div>\n\t\t","protected":false},"excerpt":{"rendered":"<p>Workshop da pecu\u00e1ria Sobre O projeto visou identificar os principais gargalos para o desenvolvimento da atividade da pecu\u00e1ria de corte no Estado de Mato Grosso, considerando as especificidades da legisla\u00e7\u00e3o ambiental, mercado interno e externo, fen\u00f4menos ex\u00f3genos como concentra\u00e7\u00e3o do varejo e da ind\u00fastria frigor\u00edfica, barreiras sanit\u00e1rias e econ\u00f4micas e a sustentabilidade vista sobre os [&hellip;]<\/p>\n","protected":false},"author":7,"featured_media":0,"parent":0,"menu_order":0,"comment_status":"closed","ping_status":"closed","template":"elementor_header_footer","meta":{"footnotes":""},"class_list":["post-90906164","page","type-page","status-publish","hentry"],"yoast_head":"<!-- This site is optimized with the Yoast SEO plugin v24.8.1 - https:\/\/yoast.com\/wordpress\/plugins\/seo\/ -->\n<title>Workshop da Pecu\u00e1ria<\/title>\n<meta name=\"description\" content=\"A Acrimat \u00e9 uma entidade representativa de criadores de gado de corte, sem fins lucrativos, que atua em todo o Estado de Mato Grosso\" \/>\n<meta name=\"robots\" content=\"index, follow, max-snippet:-1, max-image-preview:large, max-video-preview:-1\" \/>\n<link rel=\"canonical\" href=\"https:\/\/acrimat.org.br\/portal\/projeto-workshop-da-pecuaria\/\" \/>\n<meta property=\"og:locale\" content=\"pt_BR\" \/>\n<meta property=\"og:type\" content=\"article\" \/>\n<meta property=\"og:title\" content=\"Workshop da Pecu\u00e1ria\" \/>\n<meta property=\"og:description\" content=\"A Acrimat \u00e9 uma entidade representativa de criadores de gado de corte, sem fins lucrativos, que atua em todo o Estado de Mato Grosso\" \/>\n<meta property=\"og:url\" content=\"https:\/\/acrimat.org.br\/portal\/projeto-workshop-da-pecuaria\/\" \/>\n<meta property=\"og:site_name\" content=\"Acrimat\" \/>\n<meta property=\"article:modified_time\" content=\"2021-08-09T14:57:02+00:00\" \/>\n<meta property=\"og:image\" content=\"https:\/\/acrimat.org.br\/portal\/wp-content\/uploads\/2021\/08\/logo-workshop.png\" \/>\n<meta name=\"twitter:card\" content=\"summary_large_image\" \/>\n<meta name=\"twitter:label1\" content=\"Est. tempo de leitura\" \/>\n\t<meta name=\"twitter:data1\" content=\"2 minutos\" \/>\n<script type=\"application\/ld+json\" class=\"yoast-schema-graph\">{\"@context\":\"https:\/\/schema.org\",\"@graph\":[{\"@type\":\"WebPage\",\"@id\":\"https:\/\/acrimat.org.br\/portal\/projeto-workshop-da-pecuaria\/\",\"url\":\"https:\/\/acrimat.org.br\/portal\/projeto-workshop-da-pecuaria\/\",\"name\":\"Workshop da Pecu\u00e1ria\",\"isPartOf\":{\"@id\":\"https:\/\/acrimat.org.br\/portal\/#website\"},\"primaryImageOfPage\":{\"@id\":\"https:\/\/acrimat.org.br\/portal\/projeto-workshop-da-pecuaria\/#primaryimage\"},\"image\":{\"@id\":\"https:\/\/acrimat.org.br\/portal\/projeto-workshop-da-pecuaria\/#primaryimage\"},\"thumbnailUrl\":\"https:\/\/acrimat.org.br\/portal\/wp-content\/uploads\/2021\/08\/logo-workshop.png\",\"datePublished\":\"2016-05-25T15:15:18+00:00\",\"dateModified\":\"2021-08-09T14:57:02+00:00\",\"description\":\"A Acrimat \u00e9 uma entidade representativa de criadores de gado de corte, sem fins lucrativos, que atua em todo o Estado de Mato Grosso\",\"breadcrumb\":{\"@id\":\"https:\/\/acrimat.org.br\/portal\/projeto-workshop-da-pecuaria\/#breadcrumb\"},\"inLanguage\":\"pt-BR\",\"potentialAction\":[{\"@type\":\"ReadAction\",\"target\":[\"https:\/\/acrimat.org.br\/portal\/projeto-workshop-da-pecuaria\/\"]}]},{\"@type\":\"ImageObject\",\"inLanguage\":\"pt-BR\",\"@id\":\"https:\/\/acrimat.org.br\/portal\/projeto-workshop-da-pecuaria\/#primaryimage\",\"url\":\"https:\/\/acrimat.org.br\/portal\/wp-content\/uploads\/2021\/08\/logo-workshop.png\",\"contentUrl\":\"https:\/\/acrimat.org.br\/portal\/wp-content\/uploads\/2021\/08\/logo-workshop.png\",\"width\":385,\"height\":421},{\"@type\":\"BreadcrumbList\",\"@id\":\"https:\/\/acrimat.org.br\/portal\/projeto-workshop-da-pecuaria\/#breadcrumb\",\"itemListElement\":[{\"@type\":\"ListItem\",\"position\":1,\"name\":\"In\u00edcio\",\"item\":\"https:\/\/acrimat.org.br\/portal\/\"},{\"@type\":\"ListItem\",\"position\":2,\"name\":\"Workshop da Pecu\u00e1ria\"}]},{\"@type\":\"WebSite\",\"@id\":\"https:\/\/acrimat.org.br\/portal\/#website\",\"url\":\"https:\/\/acrimat.org.br\/portal\/\",\"name\":\"Acrimat\",\"description\":\"Associa\u00e7\u00e3o dos Criadores de Mato Grosso\",\"publisher\":{\"@id\":\"https:\/\/acrimat.org.br\/portal\/#organization\"},\"potentialAction\":[{\"@type\":\"SearchAction\",\"target\":{\"@type\":\"EntryPoint\",\"urlTemplate\":\"https:\/\/acrimat.org.br\/portal\/?s={search_term_string}\"},\"query-input\":{\"@type\":\"PropertyValueSpecification\",\"valueRequired\":true,\"valueName\":\"search_term_string\"}}],\"inLanguage\":\"pt-BR\"},{\"@type\":\"Organization\",\"@id\":\"https:\/\/acrimat.org.br\/portal\/#organization\",\"name\":\"Associa\u00e7\u00e3o dos Criadores de Mato Grosso\",\"url\":\"https:\/\/acrimat.org.br\/portal\/\",\"logo\":{\"@type\":\"ImageObject\",\"inLanguage\":\"pt-BR\",\"@id\":\"https:\/\/acrimat.org.br\/portal\/#\/schema\/logo\/image\/\",\"url\":\"https:\/\/acrimat.org.br\/portal\/wp-content\/uploads\/2018\/03\/logo-peq-original.png\",\"contentUrl\":\"https:\/\/acrimat.org.br\/portal\/wp-content\/uploads\/2018\/03\/logo-peq-original.png\",\"width\":174,\"height\":171,\"caption\":\"Associa\u00e7\u00e3o dos Criadores de Mato Grosso\"},\"image\":{\"@id\":\"https:\/\/acrimat.org.br\/portal\/#\/schema\/logo\/image\/\"}}]}<\/script>\n<!-- \/ Yoast SEO plugin. -->","yoast_head_json":{"title":"Workshop da Pecu\u00e1ria","description":"A Acrimat \u00e9 uma entidade representativa de criadores de gado de corte, sem fins lucrativos, que atua em todo o Estado de Mato Grosso","robots":{"index":"index","follow":"follow","max-snippet":"max-snippet:-1","max-image-preview":"max-image-preview:large","max-video-preview":"max-video-preview:-1"},"canonical":"https:\/\/acrimat.org.br\/portal\/projeto-workshop-da-pecuaria\/","og_locale":"pt_BR","og_type":"article","og_title":"Workshop da Pecu\u00e1ria","og_description":"A Acrimat \u00e9 uma entidade representativa de criadores de gado de corte, sem fins lucrativos, que atua em todo o Estado de Mato Grosso","og_url":"https:\/\/acrimat.org.br\/portal\/projeto-workshop-da-pecuaria\/","og_site_name":"Acrimat","article_modified_time":"2021-08-09T14:57:02+00:00","og_image":[{"url":"https:\/\/acrimat.org.br\/portal\/wp-content\/uploads\/2021\/08\/logo-workshop.png","type":"","width":"","height":""}],"twitter_card":"summary_large_image","twitter_misc":{"Est. tempo de leitura":"2 minutos"},"schema":{"@context":"https:\/\/schema.org","@graph":[{"@type":"WebPage","@id":"https:\/\/acrimat.org.br\/portal\/projeto-workshop-da-pecuaria\/","url":"https:\/\/acrimat.org.br\/portal\/projeto-workshop-da-pecuaria\/","name":"Workshop da Pecu\u00e1ria","isPartOf":{"@id":"https:\/\/acrimat.org.br\/portal\/#website"},"primaryImageOfPage":{"@id":"https:\/\/acrimat.org.br\/portal\/projeto-workshop-da-pecuaria\/#primaryimage"},"image":{"@id":"https:\/\/acrimat.org.br\/portal\/projeto-workshop-da-pecuaria\/#primaryimage"},"thumbnailUrl":"https:\/\/acrimat.org.br\/portal\/wp-content\/uploads\/2021\/08\/logo-workshop.png","datePublished":"2016-05-25T15:15:18+00:00","dateModified":"2021-08-09T14:57:02+00:00","description":"A Acrimat \u00e9 uma entidade representativa de criadores de gado de corte, sem fins lucrativos, que atua em todo o Estado de Mato Grosso","breadcrumb":{"@id":"https:\/\/acrimat.org.br\/portal\/projeto-workshop-da-pecuaria\/#breadcrumb"},"inLanguage":"pt-BR","potentialAction":[{"@type":"ReadAction","target":["https:\/\/acrimat.org.br\/portal\/projeto-workshop-da-pecuaria\/"]}]},{"@type":"ImageObject","inLanguage":"pt-BR","@id":"https:\/\/acrimat.org.br\/portal\/projeto-workshop-da-pecuaria\/#primaryimage","url":"https:\/\/acrimat.org.br\/portal\/wp-content\/uploads\/2021\/08\/logo-workshop.png","contentUrl":"https:\/\/acrimat.org.br\/portal\/wp-content\/uploads\/2021\/08\/logo-workshop.png","width":385,"height":421},{"@type":"BreadcrumbList","@id":"https:\/\/acrimat.org.br\/portal\/projeto-workshop-da-pecuaria\/#breadcrumb","itemListElement":[{"@type":"ListItem","position":1,"name":"In\u00edcio","item":"https:\/\/acrimat.org.br\/portal\/"},{"@type":"ListItem","position":2,"name":"Workshop da Pecu\u00e1ria"}]},{"@type":"WebSite","@id":"https:\/\/acrimat.org.br\/portal\/#website","url":"https:\/\/acrimat.org.br\/portal\/","name":"Acrimat","description":"Associa\u00e7\u00e3o dos Criadores de Mato Grosso","publisher":{"@id":"https:\/\/acrimat.org.br\/portal\/#organization"},"potentialAction":[{"@type":"SearchAction","target":{"@type":"EntryPoint","urlTemplate":"https:\/\/acrimat.org.br\/portal\/?s={search_term_string}"},"query-input":{"@type":"PropertyValueSpecification","valueRequired":true,"valueName":"search_term_string"}}],"inLanguage":"pt-BR"},{"@type":"Organization","@id":"https:\/\/acrimat.org.br\/portal\/#organization","name":"Associa\u00e7\u00e3o dos Criadores de Mato Grosso","url":"https:\/\/acrimat.org.br\/portal\/","logo":{"@type":"ImageObject","inLanguage":"pt-BR","@id":"https:\/\/acrimat.org.br\/portal\/#\/schema\/logo\/image\/","url":"https:\/\/acrimat.org.br\/portal\/wp-content\/uploads\/2018\/03\/logo-peq-original.png","contentUrl":"https:\/\/acrimat.org.br\/portal\/wp-content\/uploads\/2018\/03\/logo-peq-original.png","width":174,"height":171,"caption":"Associa\u00e7\u00e3o dos Criadores de Mato Grosso"},"image":{"@id":"https:\/\/acrimat.org.br\/portal\/#\/schema\/logo\/image\/"}}]}},"_links":{"self":[{"href":"https:\/\/acrimat.org.br\/portal\/wp-json\/wp\/v2\/pages\/90906164","targetHints":{"allow":["GET"]}}],"collection":[{"href":"https:\/\/acrimat.org.br\/portal\/wp-json\/wp\/v2\/pages"}],"about":[{"href":"https:\/\/acrimat.org.br\/portal\/wp-json\/wp\/v2\/types\/page"}],"author":[{"embeddable":true,"href":"https:\/\/acrimat.org.br\/portal\/wp-json\/wp\/v2\/users\/7"}],"replies":[{"embeddable":true,"href":"https:\/\/acrimat.org.br\/portal\/wp-json\/wp\/v2\/comments?post=90906164"}],"version-history":[{"count":139,"href":"https:\/\/acrimat.org.br\/portal\/wp-json\/wp\/v2\/pages\/90906164\/revisions"}],"predecessor-version":[{"id":97997174,"href":"https:\/\/acrimat.org.br\/portal\/wp-json\/wp\/v2\/pages\/90906164\/revisions\/97997174"}],"wp:attachment":[{"href":"https:\/\/acrimat.org.br\/portal\/wp-json\/wp\/v2\/media?parent=90906164"}],"curies":[{"name":"wp","href":"https:\/\/api.w.org\/{rel}","templated":true}]}}