{"id":98008969,"date":"2025-09-05T08:48:08","date_gmt":"2025-09-05T12:48:08","guid":{"rendered":"https:\/\/acrimat.org.br\/portal\/?page_id=98008969"},"modified":"2025-10-23T10:19:03","modified_gmt":"2025-10-23T14:19:03","slug":"eleicao-2025","status":"publish","type":"page","link":"https:\/\/acrimat.org.br\/portal\/eleicao-2025\/","title":{"rendered":"Elei\u00e7\u00e3o 2025"},"content":{"rendered":"\t\t<div data-elementor-type=\"wp-post\" data-elementor-id=\"98008969\" class=\"elementor elementor-98008969\" data-elementor-post-type=\"page\">\n\t\t\t\t\t\t<section class=\"elementor-section elementor-top-section elementor-element elementor-element-0e7d81b elementor-section-height-min-height elementor-section-boxed elementor-section-height-default elementor-section-items-middle\" data-id=\"0e7d81b\" data-element_type=\"section\" data-settings=\"{&quot;background_background&quot;:&quot;classic&quot;}\">\n\t\t\t\t\t\t\t<div class=\"elementor-background-overlay\"><\/div>\n\t\t\t\t\t\t\t<div class=\"elementor-container elementor-column-gap-default\">\n\t\t\t\t\t<div class=\"elementor-column elementor-col-33 elementor-top-column elementor-element elementor-element-8217595\" data-id=\"8217595\" data-element_type=\"column\">\n\t\t\t<div class=\"elementor-widget-wrap\">\n\t\t\t\t\t\t\t<\/div>\n\t\t<\/div>\n\t\t\t\t<div class=\"elementor-column elementor-col-33 elementor-top-column elementor-element elementor-element-c425dd4\" data-id=\"c425dd4\" data-element_type=\"column\" data-settings=\"{&quot;background_background&quot;:&quot;classic&quot;}\">\n\t\t\t<div class=\"elementor-widget-wrap elementor-element-populated\">\n\t\t\t\t\t\t\t<\/div>\n\t\t<\/div>\n\t\t\t\t<div class=\"elementor-column elementor-col-33 elementor-top-column elementor-element elementor-element-1db120b\" data-id=\"1db120b\" data-element_type=\"column\" data-settings=\"{&quot;background_background&quot;:&quot;classic&quot;}\">\n\t\t\t<div class=\"elementor-widget-wrap\">\n\t\t\t\t\t\t\t<\/div>\n\t\t<\/div>\n\t\t\t\t\t<\/div>\n\t\t<\/section>\n\t\t\t\t<section class=\"elementor-section elementor-top-section elementor-element elementor-element-a055f18 elementor-section-boxed elementor-section-height-default elementor-section-height-default\" data-id=\"a055f18\" data-element_type=\"section\" data-settings=\"{&quot;background_background&quot;:&quot;classic&quot;}\">\n\t\t\t\t\t\t<div class=\"elementor-container elementor-column-gap-extended\">\n\t\t\t\t\t<div class=\"elementor-column elementor-col-16 elementor-top-column elementor-element elementor-element-5d75068\" data-id=\"5d75068\" data-element_type=\"column\">\n\t\t\t<div class=\"elementor-widget-wrap elementor-element-populated\">\n\t\t\t\t\t\t<div class=\"elementor-element elementor-element-ded8764 elementor-view-framed elementor-shape-circle elementor-position-top elementor-mobile-position-top elementor-widget elementor-widget-icon-box\" data-id=\"ded8764\" data-element_type=\"widget\" data-widget_type=\"icon-box.default\">\n\t\t\t\t<div class=\"elementor-widget-container\">\n\t\t\t\t\t\t\t<div class=\"elementor-icon-box-wrapper\">\n\n\t\t\t\t\t\t<div class=\"elementor-icon-box-icon\">\n\t\t\t\t<a href=\"https:\/\/drive.google.com\/file\/d\/1Q1VtuY6ZpYgWxczyj9Hb3QRNvPSsZoPm\/view?usp=drive_link\" target=\"_blank\" class=\"elementor-icon\" tabindex=\"-1\" aria-label=\"Edital de Convoca\u00e7\u00e3o - Di\u00e1rio Oficial\">\n\t\t\t\t<i aria-hidden=\"true\" class=\"far fa-file-pdf\"><\/i>\t\t\t\t<\/a>\n\t\t\t<\/div>\n\t\t\t\n\t\t\t\t\t\t<div class=\"elementor-icon-box-content\">\n\n\t\t\t\t\t\t\t\t\t<h3 class=\"elementor-icon-box-title\">\n\t\t\t\t\t\t<a href=\"https:\/\/drive.google.com\/file\/d\/1Q1VtuY6ZpYgWxczyj9Hb3QRNvPSsZoPm\/view?usp=drive_link\" target=\"_blank\" >\n\t\t\t\t\t\t\tEdital de Convoca\u00e7\u00e3o - Di\u00e1rio Oficial\t\t\t\t\t\t<\/a>\n\t\t\t\t\t<\/h3>\n\t\t\t\t\n\t\t\t\t\n\t\t\t<\/div>\n\t\t\t\n\t\t<\/div>\n\t\t\t\t\t\t<\/div>\n\t\t\t\t<\/div>\n\t\t\t\t\t<\/div>\n\t\t<\/div>\n\t\t\t\t<div class=\"elementor-column elementor-col-16 elementor-top-column elementor-element elementor-element-22e2ff4\" data-id=\"22e2ff4\" data-element_type=\"column\">\n\t\t\t<div class=\"elementor-widget-wrap elementor-element-populated\">\n\t\t\t\t\t\t<div class=\"elementor-element elementor-element-401f1d7 elementor-view-framed elementor-shape-circle elementor-position-top elementor-mobile-position-top elementor-widget elementor-widget-icon-box\" data-id=\"401f1d7\" data-element_type=\"widget\" data-widget_type=\"icon-box.default\">\n\t\t\t\t<div class=\"elementor-widget-container\">\n\t\t\t\t\t\t\t<div class=\"elementor-icon-box-wrapper\">\n\n\t\t\t\t\t\t<div class=\"elementor-icon-box-icon\">\n\t\t\t\t<a href=\"https:\/\/drive.google.com\/file\/d\/1I6ihIQJ4CeY1UqAiybF9mzAUfq9Mn_gD\/view?usp=drive_link\" target=\"_blank\" class=\"elementor-icon\" tabindex=\"-1\" aria-label=\"Edital de Convoca\u00e7\u00e3o - Di\u00e1rio de Cuiab\u00e1\">\n\t\t\t\t<i aria-hidden=\"true\" class=\"far fa-file-pdf\"><\/i>\t\t\t\t<\/a>\n\t\t\t<\/div>\n\t\t\t\n\t\t\t\t\t\t<div class=\"elementor-icon-box-content\">\n\n\t\t\t\t\t\t\t\t\t<h3 class=\"elementor-icon-box-title\">\n\t\t\t\t\t\t<a href=\"https:\/\/drive.google.com\/file\/d\/1I6ihIQJ4CeY1UqAiybF9mzAUfq9Mn_gD\/view?usp=drive_link\" target=\"_blank\" >\n\t\t\t\t\t\t\tEdital de Convoca\u00e7\u00e3o - Di\u00e1rio de Cuiab\u00e1\t\t\t\t\t\t<\/a>\n\t\t\t\t\t<\/h3>\n\t\t\t\t\n\t\t\t\t\n\t\t\t<\/div>\n\t\t\t\n\t\t<\/div>\n\t\t\t\t\t\t<\/div>\n\t\t\t\t<\/div>\n\t\t\t\t\t<\/div>\n\t\t<\/div>\n\t\t\t\t<div class=\"elementor-column elementor-col-16 elementor-top-column elementor-element elementor-element-39b548f\" data-id=\"39b548f\" data-element_type=\"column\">\n\t\t\t<div class=\"elementor-widget-wrap elementor-element-populated\">\n\t\t\t\t\t\t<div class=\"elementor-element elementor-element-0bc6d22 elementor-view-framed elementor-shape-circle elementor-position-top elementor-mobile-position-top elementor-widget elementor-widget-icon-box\" data-id=\"0bc6d22\" data-element_type=\"widget\" data-widget_type=\"icon-box.default\">\n\t\t\t\t<div class=\"elementor-widget-container\">\n\t\t\t\t\t\t\t<div class=\"elementor-icon-box-wrapper\">\n\n\t\t\t\t\t\t<div class=\"elementor-icon-box-icon\">\n\t\t\t\t<a href=\"https:\/\/drive.google.com\/file\/d\/1O4rozThv4-YRsy4usVLuVmW_Xu-Vx4Wz\/view?usp=drive_link\" target=\"_blank\" class=\"elementor-icon\" tabindex=\"-1\" aria-label=\"Regimento Interno - Regra Eleitoral\">\n\t\t\t\t<i aria-hidden=\"true\" class=\"far fa-file-pdf\"><\/i>\t\t\t\t<\/a>\n\t\t\t<\/div>\n\t\t\t\n\t\t\t\t\t\t<div class=\"elementor-icon-box-content\">\n\n\t\t\t\t\t\t\t\t\t<h3 class=\"elementor-icon-box-title\">\n\t\t\t\t\t\t<a href=\"https:\/\/drive.google.com\/file\/d\/1O4rozThv4-YRsy4usVLuVmW_Xu-Vx4Wz\/view?usp=drive_link\" target=\"_blank\" >\n\t\t\t\t\t\t\tRegimento Interno - Regra Eleitoral\t\t\t\t\t\t<\/a>\n\t\t\t\t\t<\/h3>\n\t\t\t\t\n\t\t\t\t\n\t\t\t<\/div>\n\t\t\t\n\t\t<\/div>\n\t\t\t\t\t\t<\/div>\n\t\t\t\t<\/div>\n\t\t\t\t\t<\/div>\n\t\t<\/div>\n\t\t\t\t<div class=\"elementor-column elementor-col-16 elementor-top-column elementor-element elementor-element-a3374ff\" data-id=\"a3374ff\" data-element_type=\"column\">\n\t\t\t<div class=\"elementor-widget-wrap elementor-element-populated\">\n\t\t\t\t\t\t<div class=\"elementor-element elementor-element-bc9b69e elementor-view-framed elementor-shape-circle elementor-position-top elementor-mobile-position-top elementor-widget elementor-widget-icon-box\" data-id=\"bc9b69e\" data-element_type=\"widget\" data-widget_type=\"icon-box.default\">\n\t\t\t\t<div class=\"elementor-widget-container\">\n\t\t\t\t\t\t\t<div class=\"elementor-icon-box-wrapper\">\n\n\t\t\t\t\t\t<div class=\"elementor-icon-box-icon\">\n\t\t\t\t<a href=\"https:\/\/drive.google.com\/file\/d\/1cTFdUOUvgnE6qUprsVHBrZga2tq7kgLY\/view?usp=drive_link\" target=\"_blank\" class=\"elementor-icon\" tabindex=\"-1\" aria-label=\"Portaria Elei\u00e7\u00f5es PRES\/ACRIMAT \u2013 N\u00ba. 001\/2025\">\n\t\t\t\t<i aria-hidden=\"true\" class=\"far fa-file-pdf\"><\/i>\t\t\t\t<\/a>\n\t\t\t<\/div>\n\t\t\t\n\t\t\t\t\t\t<div class=\"elementor-icon-box-content\">\n\n\t\t\t\t\t\t\t\t\t<h3 class=\"elementor-icon-box-title\">\n\t\t\t\t\t\t<a href=\"https:\/\/drive.google.com\/file\/d\/1cTFdUOUvgnE6qUprsVHBrZga2tq7kgLY\/view?usp=drive_link\" target=\"_blank\" >\n\t\t\t\t\t\t\tPortaria Elei\u00e7\u00f5es PRES\/ACRIMAT \u2013 N\u00ba. 001\/2025\t\t\t\t\t\t<\/a>\n\t\t\t\t\t<\/h3>\n\t\t\t\t\n\t\t\t\t\n\t\t\t<\/div>\n\t\t\t\n\t\t<\/div>\n\t\t\t\t\t\t<\/div>\n\t\t\t\t<\/div>\n\t\t\t\t\t<\/div>\n\t\t<\/div>\n\t\t\t\t<div class=\"elementor-column elementor-col-16 elementor-top-column elementor-element elementor-element-06c674b\" data-id=\"06c674b\" data-element_type=\"column\">\n\t\t\t<div class=\"elementor-widget-wrap elementor-element-populated\">\n\t\t\t\t\t\t<div class=\"elementor-element elementor-element-cba09c0 elementor-view-framed elementor-shape-circle elementor-position-top elementor-mobile-position-top elementor-widget elementor-widget-icon-box\" data-id=\"cba09c0\" data-element_type=\"widget\" data-widget_type=\"icon-box.default\">\n\t\t\t\t<div class=\"elementor-widget-container\">\n\t\t\t\t\t\t\t<div class=\"elementor-icon-box-wrapper\">\n\n\t\t\t\t\t\t<div class=\"elementor-icon-box-icon\">\n\t\t\t\t<a href=\"https:\/\/drive.google.com\/file\/d\/1ACVYe2gM-mNrI5N-jsRzw2erCClbfJ-Z\/view?usp=drive_link\" target=\"_blank\" class=\"elementor-icon\" tabindex=\"-1\" aria-label=\"Informativo Comiss\u00e3o Eleitoral - Deferimento de Registro de Chapa\">\n\t\t\t\t<i aria-hidden=\"true\" class=\"far fa-file-pdf\"><\/i>\t\t\t\t<\/a>\n\t\t\t<\/div>\n\t\t\t\n\t\t\t\t\t\t<div class=\"elementor-icon-box-content\">\n\n\t\t\t\t\t\t\t\t\t<h3 class=\"elementor-icon-box-title\">\n\t\t\t\t\t\t<a href=\"https:\/\/drive.google.com\/file\/d\/1ACVYe2gM-mNrI5N-jsRzw2erCClbfJ-Z\/view?usp=drive_link\" target=\"_blank\" >\n\t\t\t\t\t\t\tInformativo Comiss\u00e3o Eleitoral - Deferimento de Registro de Chapa\t\t\t\t\t\t<\/a>\n\t\t\t\t\t<\/h3>\n\t\t\t\t\n\t\t\t\t\n\t\t\t<\/div>\n\t\t\t\n\t\t<\/div>\n\t\t\t\t\t\t<\/div>\n\t\t\t\t<\/div>\n\t\t\t\t\t<\/div>\n\t\t<\/div>\n\t\t\t\t<div class=\"elementor-column elementor-col-16 elementor-top-column elementor-element elementor-element-6c79969\" data-id=\"6c79969\" data-element_type=\"column\">\n\t\t\t<div class=\"elementor-widget-wrap elementor-element-populated\">\n\t\t\t\t\t\t<div class=\"elementor-element elementor-element-470a792 elementor-view-framed elementor-shape-circle elementor-position-top elementor-mobile-position-top elementor-widget elementor-widget-icon-box\" data-id=\"470a792\" data-element_type=\"widget\" data-widget_type=\"icon-box.default\">\n\t\t\t\t<div class=\"elementor-widget-container\">\n\t\t\t\t\t\t\t<div class=\"elementor-icon-box-wrapper\">\n\n\t\t\t\t\t\t<div class=\"elementor-icon-box-icon\">\n\t\t\t\t<a href=\"https:\/\/drive.google.com\/file\/d\/1IRx3XfnMFE-79_JAYkeXPAydcb5oGOdR\/view?usp=drive_link\" target=\"_blank\" class=\"elementor-icon\" tabindex=\"-1\" aria-label=\"Portaria N\u00ba 02-25 - Comiss\u00e3o Eleitoral da Acrimat - Locais de Vota\u00e7\u00e3o\">\n\t\t\t\t<i aria-hidden=\"true\" class=\"far fa-file-pdf\"><\/i>\t\t\t\t<\/a>\n\t\t\t<\/div>\n\t\t\t\n\t\t\t\t\t\t<div class=\"elementor-icon-box-content\">\n\n\t\t\t\t\t\t\t\t\t<h3 class=\"elementor-icon-box-title\">\n\t\t\t\t\t\t<a href=\"https:\/\/drive.google.com\/file\/d\/1IRx3XfnMFE-79_JAYkeXPAydcb5oGOdR\/view?usp=drive_link\" target=\"_blank\" >\n\t\t\t\t\t\t\tPortaria N\u00ba 02-25 - Comiss\u00e3o Eleitoral da Acrimat - Locais de Vota\u00e7\u00e3o\t\t\t\t\t\t<\/a>\n\t\t\t\t\t<\/h3>\n\t\t\t\t\n\t\t\t\t\n\t\t\t<\/div>\n\t\t\t\n\t\t<\/div>\n\t\t\t\t\t\t<\/div>\n\t\t\t\t<\/div>\n\t\t\t\t\t<\/div>\n\t\t<\/div>\n\t\t\t\t\t<\/div>\n\t\t<\/section>\n\t\t\t\t<section class=\"elementor-section elementor-top-section elementor-element elementor-element-6a2e5af elementor-section-boxed elementor-section-height-default elementor-section-height-default\" data-id=\"6a2e5af\" data-element_type=\"section\">\n\t\t\t\t\t\t<div class=\"elementor-container elementor-column-gap-default\">\n\t\t\t\t\t<div class=\"elementor-column elementor-col-100 elementor-top-column elementor-element elementor-element-ba365bd\" data-id=\"ba365bd\" data-element_type=\"column\">\n\t\t\t<div class=\"elementor-widget-wrap\">\n\t\t\t\t\t\t\t<\/div>\n\t\t<\/div>\n\t\t\t\t\t<\/div>\n\t\t<\/section>\n\t\t\t\t<section class=\"elementor-section elementor-top-section elementor-element elementor-element-54460bb elementor-section-boxed elementor-section-height-default elementor-section-height-default\" data-id=\"54460bb\" data-element_type=\"section\">\n\t\t\t\t\t\t<div class=\"elementor-container elementor-column-gap-default\">\n\t\t\t\t\t<div class=\"elementor-column elementor-col-100 elementor-top-column elementor-element elementor-element-fbd0b1c\" data-id=\"fbd0b1c\" data-element_type=\"column\">\n\t\t\t<div class=\"elementor-widget-wrap elementor-element-populated\">\n\t\t\t\t\t\t<div class=\"elementor-element elementor-element-d323e8b elementor-widget elementor-widget-image\" data-id=\"d323e8b\" data-element_type=\"widget\" data-widget_type=\"image.default\">\n\t\t\t\t<div class=\"elementor-widget-container\">\n\t\t\t\t\t\t\t\t\t\t\t\t\t\t\t\t<a href=\"https:\/\/acrimat.org.br\/portal\/wp-content\/uploads\/2025\/10\/acrimat-eleicao-2025_imagem-site.jpg\" data-elementor-open-lightbox=\"yes\" data-elementor-lightbox-title=\"ACRIMAT-ELEI\u00c7\u00c3O-2025_Imagem-site\" data-e-action-hash=\"#elementor-action%3Aaction%3Dlightbox%26settings%3DeyJpZCI6OTgwMDkyMTIsInVybCI6Imh0dHBzOlwvXC9hY3JpbWF0Lm9yZy5iclwvcG9ydGFsXC93cC1jb250ZW50XC91cGxvYWRzXC8yMDI1XC8xMFwvYWNyaW1hdC1lbGVpY2FvLTIwMjVfaW1hZ2VtLXNpdGUuanBnIn0%3D\">\n\t\t\t\t\t\t\t<img fetchpriority=\"high\" decoding=\"async\" width=\"2000\" height=\"1956\" src=\"https:\/\/acrimat.org.br\/portal\/wp-content\/uploads\/2025\/10\/acrimat-eleicao-2025_imagem-site.jpg\" class=\"attachment-2048x2048 size-2048x2048 wp-image-98009212\" alt=\"\" srcset=\"https:\/\/acrimat.org.br\/portal\/wp-content\/uploads\/2025\/10\/acrimat-eleicao-2025_imagem-site.jpg 2000w, https:\/\/acrimat.org.br\/portal\/wp-content\/uploads\/2025\/10\/acrimat-eleicao-2025_imagem-site-300x293.jpg 300w, https:\/\/acrimat.org.br\/portal\/wp-content\/uploads\/2025\/10\/acrimat-eleicao-2025_imagem-site-1024x1001.jpg 1024w, https:\/\/acrimat.org.br\/portal\/wp-content\/uploads\/2025\/10\/acrimat-eleicao-2025_imagem-site-768x751.jpg 768w, https:\/\/acrimat.org.br\/portal\/wp-content\/uploads\/2025\/10\/acrimat-eleicao-2025_imagem-site-1536x1502.jpg 1536w\" sizes=\"(max-width: 2000px) 100vw, 2000px\" \/>\t\t\t\t\t\t\t\t<\/a>\n\t\t\t\t\t\t\t\t\t\t\t\t\t\t\t<\/div>\n\t\t\t\t<\/div>\n\t\t\t\t\t<\/div>\n\t\t<\/div>\n\t\t\t\t\t<\/div>\n\t\t<\/section>\n\t\t\t\t<\/div>\n\t\t","protected":false},"excerpt":{"rendered":"<p>Edital de Convoca\u00e7\u00e3o &#8211; Di\u00e1rio Oficial Edital de Convoca\u00e7\u00e3o &#8211; Di\u00e1rio de Cuiab\u00e1 Regimento Interno &#8211; Regra Eleitoral Portaria Elei\u00e7\u00f5es PRES\/ACRIMAT \u2013 N\u00ba. 001\/2025 Informativo Comiss\u00e3o Eleitoral &#8211; Deferimento de Registro de Chapa Portaria N\u00ba 02-25 &#8211; Comiss\u00e3o Eleitoral da Acrimat &#8211; Locais de Vota\u00e7\u00e3o<\/p>\n","protected":false},"author":11,"featured_media":98008971,"parent":0,"menu_order":0,"comment_status":"closed","ping_status":"closed","template":"elementor_header_footer","meta":{"footnotes":""},"class_list":["post-98008969","page","type-page","status-publish","has-post-thumbnail","hentry"],"yoast_head":"<!-- This site is optimized with the Yoast SEO plugin v24.8.1 - https:\/\/yoast.com\/wordpress\/plugins\/seo\/ -->\n<title>Elei\u00e7\u00e3o 2025<\/title>\n<meta name=\"description\" content=\"A Acrimat \u00e9 uma entidade representativa de criadores de gado de corte, sem fins lucrativos, que atua em todo o Estado de Mato Grosso\" \/>\n<meta name=\"robots\" content=\"index, follow, max-snippet:-1, max-image-preview:large, max-video-preview:-1\" \/>\n<link rel=\"canonical\" href=\"https:\/\/acrimat.org.br\/portal\/eleicao-2025\/\" \/>\n<meta property=\"og:locale\" content=\"pt_BR\" \/>\n<meta property=\"og:type\" content=\"article\" \/>\n<meta property=\"og:title\" content=\"Elei\u00e7\u00e3o 2025\" \/>\n<meta property=\"og:description\" content=\"Elei\u00e7\u00e3o 2025\" \/>\n<meta property=\"og:url\" content=\"https:\/\/acrimat.org.br\/portal\/eleicao-2025\/\" \/>\n<meta property=\"og:site_name\" content=\"Acrimat\" \/>\n<meta property=\"article:modified_time\" content=\"2025-10-23T14:19:03+00:00\" \/>\n<meta property=\"og:image\" content=\"https:\/\/acrimat.org.br\/portal\/wp-content\/uploads\/2025\/09\/bannersite-menor-eleicoes-2025.png\" \/>\n\t<meta property=\"og:image:width\" content=\"1656\" \/>\n\t<meta property=\"og:image:height\" content=\"630\" \/>\n\t<meta property=\"og:image:type\" content=\"image\/png\" \/>\n<meta name=\"twitter:card\" content=\"summary_large_image\" \/>\n<meta name=\"twitter:label1\" content=\"Est. tempo de leitura\" \/>\n\t<meta name=\"twitter:data1\" content=\"1 minuto\" \/>\n<script type=\"application\/ld+json\" class=\"yoast-schema-graph\">{\"@context\":\"https:\/\/schema.org\",\"@graph\":[{\"@type\":\"WebPage\",\"@id\":\"https:\/\/acrimat.org.br\/portal\/eleicao-2025\/\",\"url\":\"https:\/\/acrimat.org.br\/portal\/eleicao-2025\/\",\"name\":\"Elei\u00e7\u00e3o 2025\",\"isPartOf\":{\"@id\":\"https:\/\/acrimat.org.br\/portal\/#website\"},\"primaryImageOfPage\":{\"@id\":\"https:\/\/acrimat.org.br\/portal\/eleicao-2025\/#primaryimage\"},\"image\":{\"@id\":\"https:\/\/acrimat.org.br\/portal\/eleicao-2025\/#primaryimage\"},\"thumbnailUrl\":\"https:\/\/acrimat.org.br\/portal\/wp-content\/uploads\/2025\/09\/bannersite-menor-eleicoes-2025.png\",\"datePublished\":\"2025-09-05T12:48:08+00:00\",\"dateModified\":\"2025-10-23T14:19:03+00:00\",\"description\":\"A Acrimat \u00e9 uma entidade representativa de criadores de gado de corte, sem fins lucrativos, que atua em todo o Estado de Mato Grosso\",\"breadcrumb\":{\"@id\":\"https:\/\/acrimat.org.br\/portal\/eleicao-2025\/#breadcrumb\"},\"inLanguage\":\"pt-BR\",\"potentialAction\":[{\"@type\":\"ReadAction\",\"target\":[\"https:\/\/acrimat.org.br\/portal\/eleicao-2025\/\"]}]},{\"@type\":\"ImageObject\",\"inLanguage\":\"pt-BR\",\"@id\":\"https:\/\/acrimat.org.br\/portal\/eleicao-2025\/#primaryimage\",\"url\":\"https:\/\/acrimat.org.br\/portal\/wp-content\/uploads\/2025\/09\/bannersite-menor-eleicoes-2025.png\",\"contentUrl\":\"https:\/\/acrimat.org.br\/portal\/wp-content\/uploads\/2025\/09\/bannersite-menor-eleicoes-2025.png\",\"width\":1656,\"height\":630},{\"@type\":\"BreadcrumbList\",\"@id\":\"https:\/\/acrimat.org.br\/portal\/eleicao-2025\/#breadcrumb\",\"itemListElement\":[{\"@type\":\"ListItem\",\"position\":1,\"name\":\"In\u00edcio\",\"item\":\"https:\/\/acrimat.org.br\/portal\/\"},{\"@type\":\"ListItem\",\"position\":2,\"name\":\"Elei\u00e7\u00e3o 2025\"}]},{\"@type\":\"WebSite\",\"@id\":\"https:\/\/acrimat.org.br\/portal\/#website\",\"url\":\"https:\/\/acrimat.org.br\/portal\/\",\"name\":\"Acrimat\",\"description\":\"Associa\u00e7\u00e3o dos Criadores de Mato Grosso\",\"publisher\":{\"@id\":\"https:\/\/acrimat.org.br\/portal\/#organization\"},\"potentialAction\":[{\"@type\":\"SearchAction\",\"target\":{\"@type\":\"EntryPoint\",\"urlTemplate\":\"https:\/\/acrimat.org.br\/portal\/?s={search_term_string}\"},\"query-input\":{\"@type\":\"PropertyValueSpecification\",\"valueRequired\":true,\"valueName\":\"search_term_string\"}}],\"inLanguage\":\"pt-BR\"},{\"@type\":\"Organization\",\"@id\":\"https:\/\/acrimat.org.br\/portal\/#organization\",\"name\":\"Associa\u00e7\u00e3o dos Criadores de Mato Grosso\",\"url\":\"https:\/\/acrimat.org.br\/portal\/\",\"logo\":{\"@type\":\"ImageObject\",\"inLanguage\":\"pt-BR\",\"@id\":\"https:\/\/acrimat.org.br\/portal\/#\/schema\/logo\/image\/\",\"url\":\"https:\/\/acrimat.org.br\/portal\/wp-content\/uploads\/2018\/03\/logo-peq-original.png\",\"contentUrl\":\"https:\/\/acrimat.org.br\/portal\/wp-content\/uploads\/2018\/03\/logo-peq-original.png\",\"width\":174,\"height\":171,\"caption\":\"Associa\u00e7\u00e3o dos Criadores de Mato Grosso\"},\"image\":{\"@id\":\"https:\/\/acrimat.org.br\/portal\/#\/schema\/logo\/image\/\"}}]}<\/script>\n<!-- \/ Yoast SEO plugin. -->","yoast_head_json":{"title":"Elei\u00e7\u00e3o 2025","description":"A Acrimat \u00e9 uma entidade representativa de criadores de gado de corte, sem fins lucrativos, que atua em todo o Estado de Mato Grosso","robots":{"index":"index","follow":"follow","max-snippet":"max-snippet:-1","max-image-preview":"max-image-preview:large","max-video-preview":"max-video-preview:-1"},"canonical":"https:\/\/acrimat.org.br\/portal\/eleicao-2025\/","og_locale":"pt_BR","og_type":"article","og_title":"Elei\u00e7\u00e3o 2025","og_description":"Elei\u00e7\u00e3o 2025","og_url":"https:\/\/acrimat.org.br\/portal\/eleicao-2025\/","og_site_name":"Acrimat","article_modified_time":"2025-10-23T14:19:03+00:00","og_image":[{"width":1656,"height":630,"url":"https:\/\/acrimat.org.br\/portal\/wp-content\/uploads\/2025\/09\/bannersite-menor-eleicoes-2025.png","type":"image\/png"}],"twitter_card":"summary_large_image","twitter_misc":{"Est. tempo de leitura":"1 minuto"},"schema":{"@context":"https:\/\/schema.org","@graph":[{"@type":"WebPage","@id":"https:\/\/acrimat.org.br\/portal\/eleicao-2025\/","url":"https:\/\/acrimat.org.br\/portal\/eleicao-2025\/","name":"Elei\u00e7\u00e3o 2025","isPartOf":{"@id":"https:\/\/acrimat.org.br\/portal\/#website"},"primaryImageOfPage":{"@id":"https:\/\/acrimat.org.br\/portal\/eleicao-2025\/#primaryimage"},"image":{"@id":"https:\/\/acrimat.org.br\/portal\/eleicao-2025\/#primaryimage"},"thumbnailUrl":"https:\/\/acrimat.org.br\/portal\/wp-content\/uploads\/2025\/09\/bannersite-menor-eleicoes-2025.png","datePublished":"2025-09-05T12:48:08+00:00","dateModified":"2025-10-23T14:19:03+00:00","description":"A Acrimat \u00e9 uma entidade representativa de criadores de gado de corte, sem fins lucrativos, que atua em todo o Estado de Mato Grosso","breadcrumb":{"@id":"https:\/\/acrimat.org.br\/portal\/eleicao-2025\/#breadcrumb"},"inLanguage":"pt-BR","potentialAction":[{"@type":"ReadAction","target":["https:\/\/acrimat.org.br\/portal\/eleicao-2025\/"]}]},{"@type":"ImageObject","inLanguage":"pt-BR","@id":"https:\/\/acrimat.org.br\/portal\/eleicao-2025\/#primaryimage","url":"https:\/\/acrimat.org.br\/portal\/wp-content\/uploads\/2025\/09\/bannersite-menor-eleicoes-2025.png","contentUrl":"https:\/\/acrimat.org.br\/portal\/wp-content\/uploads\/2025\/09\/bannersite-menor-eleicoes-2025.png","width":1656,"height":630},{"@type":"BreadcrumbList","@id":"https:\/\/acrimat.org.br\/portal\/eleicao-2025\/#breadcrumb","itemListElement":[{"@type":"ListItem","position":1,"name":"In\u00edcio","item":"https:\/\/acrimat.org.br\/portal\/"},{"@type":"ListItem","position":2,"name":"Elei\u00e7\u00e3o 2025"}]},{"@type":"WebSite","@id":"https:\/\/acrimat.org.br\/portal\/#website","url":"https:\/\/acrimat.org.br\/portal\/","name":"Acrimat","description":"Associa\u00e7\u00e3o dos Criadores de Mato Grosso","publisher":{"@id":"https:\/\/acrimat.org.br\/portal\/#organization"},"potentialAction":[{"@type":"SearchAction","target":{"@type":"EntryPoint","urlTemplate":"https:\/\/acrimat.org.br\/portal\/?s={search_term_string}"},"query-input":{"@type":"PropertyValueSpecification","valueRequired":true,"valueName":"search_term_string"}}],"inLanguage":"pt-BR"},{"@type":"Organization","@id":"https:\/\/acrimat.org.br\/portal\/#organization","name":"Associa\u00e7\u00e3o dos Criadores de Mato Grosso","url":"https:\/\/acrimat.org.br\/portal\/","logo":{"@type":"ImageObject","inLanguage":"pt-BR","@id":"https:\/\/acrimat.org.br\/portal\/#\/schema\/logo\/image\/","url":"https:\/\/acrimat.org.br\/portal\/wp-content\/uploads\/2018\/03\/logo-peq-original.png","contentUrl":"https:\/\/acrimat.org.br\/portal\/wp-content\/uploads\/2018\/03\/logo-peq-original.png","width":174,"height":171,"caption":"Associa\u00e7\u00e3o dos Criadores de Mato Grosso"},"image":{"@id":"https:\/\/acrimat.org.br\/portal\/#\/schema\/logo\/image\/"}}]}},"_links":{"self":[{"href":"https:\/\/acrimat.org.br\/portal\/wp-json\/wp\/v2\/pages\/98008969","targetHints":{"allow":["GET"]}}],"collection":[{"href":"https:\/\/acrimat.org.br\/portal\/wp-json\/wp\/v2\/pages"}],"about":[{"href":"https:\/\/acrimat.org.br\/portal\/wp-json\/wp\/v2\/types\/page"}],"author":[{"embeddable":true,"href":"https:\/\/acrimat.org.br\/portal\/wp-json\/wp\/v2\/users\/11"}],"replies":[{"embeddable":true,"href":"https:\/\/acrimat.org.br\/portal\/wp-json\/wp\/v2\/comments?post=98008969"}],"version-history":[{"count":29,"href":"https:\/\/acrimat.org.br\/portal\/wp-json\/wp\/v2\/pages\/98008969\/revisions"}],"predecessor-version":[{"id":98009221,"href":"https:\/\/acrimat.org.br\/portal\/wp-json\/wp\/v2\/pages\/98008969\/revisions\/98009221"}],"wp:featuredmedia":[{"embeddable":true,"href":"https:\/\/acrimat.org.br\/portal\/wp-json\/wp\/v2\/media\/98008971"}],"wp:attachment":[{"href":"https:\/\/acrimat.org.br\/portal\/wp-json\/wp\/v2\/media?parent=98008969"}],"curies":[{"name":"wp","href":"https:\/\/api.w.org\/{rel}","templated":true}]}}